{"id":89,"date":"2018-11-27T13:44:16","date_gmt":"2018-11-27T12:44:16","guid":{"rendered":"http:\/\/racinesduciel.ch\/?page_id=89"},"modified":"2026-03-30T15:47:06","modified_gmt":"2026-03-30T13:47:06","slug":"references","status":"publish","type":"page","link":"https:\/\/racinesduciel.ch\/en\/references\/","title":{"rendered":"References"},"content":{"rendered":"<figure class=\"wp-block-image\"><a href=\"http:\/\/racinesduciel.ch\/en\/mariage-golan-cicr-1998-2\/\"><img loading=\"lazy\" decoding=\"async\" width=\"1024\" height=\"764\" src=\"http:\/\/racinesduciel.ch\/wp-content\/uploads\/2020\/09\/sf1-1024x764.png\" alt=\"\" class=\"wp-image-529\" srcset=\"https:\/\/racinesduciel.ch\/wp-content\/uploads\/2020\/09\/sf1-1024x764.png 1024w, https:\/\/racinesduciel.ch\/wp-content\/uploads\/2020\/09\/sf1-300x224.png 300w, https:\/\/racinesduciel.ch\/wp-content\/uploads\/2020\/09\/sf1-768x573.png 768w, https:\/\/racinesduciel.ch\/wp-content\/uploads\/2020\/09\/sf1.png 1166w\" sizes=\"auto, (max-width: 767px) 89vw, (max-width: 1000px) 54vw, (max-width: 1071px) 543px, 580px\" \/><\/a><figcaption class=\"wp-element-caption\">D\u00e9l\u00e9gu\u00e9e au CICR &#8211; Mariage Golan &#8211; 1998<\/figcaption><\/figure>\n\n\n\n<figure class=\"wp-block-image\"><a href=\"http:\/\/racinesduciel.ch\/en\/video-2019-03-02-10-10-30\/\"><img loading=\"lazy\" decoding=\"async\" width=\"1024\" height=\"764\" src=\"http:\/\/racinesduciel.ch\/wp-content\/uploads\/2020\/09\/video1-1024x764.png\" alt=\"\" class=\"wp-image-532\" srcset=\"https:\/\/racinesduciel.ch\/wp-content\/uploads\/2020\/09\/video1-1024x764.png 1024w, https:\/\/racinesduciel.ch\/wp-content\/uploads\/2020\/09\/video1-300x224.png 300w, https:\/\/racinesduciel.ch\/wp-content\/uploads\/2020\/09\/video1-768x573.png 768w, https:\/\/racinesduciel.ch\/wp-content\/uploads\/2020\/09\/video1.png 1166w\" sizes=\"auto, (max-width: 767px) 89vw, (max-width: 1000px) 54vw, (max-width: 1071px) 543px, 580px\" \/><\/a><figcaption class=\"wp-element-caption\"><em>Elected <\/em><a href=\"https:\/\/www.ge.ch\/faire-appel-au-mediateur-cantonal\/prendre-contact\">M\u00e9diatrice administrative cantonale suppl\u00e9ante<\/a><em>&nbsp;by the Grand Conseil (Parliament) Geneva, 28 February<\/em><\/figcaption><\/figure>\n\n\n\n<p><span style=\"color: #3366ff;\"><a rel=\"noreferrer noopener\" aria-label=\" (s\u2019ouvre dans un nouvel onglet)\" href=\"https:\/\/www.ge.ch\/mediateurs-assermentes\/trouver-mediateur-assermente\" target=\"_blank\">Sworn by the Geneva's Council State<\/a><\/span> <\/p>\n\n\n\n<p>Premi\u00e8re responsable<a href=\"https:\/\/justice.ge.ch\/fr\/contenu\/bureau-de-la-mediation\"> Bureau de la M\u00e9diation Pouvoir judiciaire<\/a> 2024<\/p>\n\n\n\n<p>Ex-Pr\u00e9sidente du <span style=\"color: #3366ff;\"><a style=\"color: #3366ff;\" rel=\"noopener noreferrer\" href=\"http:\/\/cim-ge.ch\" target=\"_blank\">Collectif Interculturel de M\u00e9diation<\/a><\/span> (CIM) <em><strong>(<\/strong>2018-2023)<\/em><\/p>\n\n\n\n<p>Member <a rel=\"noreferrer noopener\" aria-label=\" (s\u2019ouvre dans un nouvel onglet)\" href=\"https:\/\/ajures.ch\" target=\"_blank\">Association pour la Justice Restaurative<\/a> (AJURES) <\/p>\n\n\n\n<p>Member <span style=\"color: #3366ff;\"><a style=\"color: #3366ff;\" href=\"https:\/\/www.swiss-mediators.org\/cms2\/fr\/fsm-sdm\/sdm-fsm\/portrait-fsm\/\" target=\"_blank\" rel=\"noopener noreferrer\">F\u00e9d\u00e9ration Suisse des Associations de M\u00e9diation<\/a><\/span>&nbsp;(FSM)<\/p>\n\n\n\n<h3 class=\"wp-block-heading\">Literature<\/h3>\n\n\n\n<div class=\"wp-block-media-text alignwide\" style=\"grid-template-columns:22% auto\"><figure class=\"wp-block-media-text__media\"><img decoding=\"async\" src=\"https:\/\/images-na.ssl-images-amazon.com\/images\/I\/51cm0iWlTcL._SX332_BO1,204,203,200_.jpg\" alt=\"\"\/><\/figure><div class=\"wp-block-media-text__content\">\n<p><em>\"Set in French Equatorial Africa, the book is the story of a crusading environmentalist, Morel, who labors to preserve elephants from extinction, but which narrative is actually a metaphor for the quest for salvation for all humanity. He is assisted in the task by Minna, a nightclub hostess, and Forsythe, a disgrace British military officer seeking redemption\"<\/em><\/p>\n<\/div><\/div>\n\n\n\n<div class=\"wp-block-media-text alignwide\" style=\"grid-template-columns:19% auto\"><figure class=\"wp-block-media-text__media\"><img loading=\"lazy\" decoding=\"async\" width=\"210\" height=\"345\" src=\"http:\/\/racinesduciel.ch\/wp-content\/uploads\/2020\/09\/51EDq5WyirL._SX210_.jpg\" alt=\"\" class=\"wp-image-550 size-full\" srcset=\"https:\/\/racinesduciel.ch\/wp-content\/uploads\/2020\/09\/51EDq5WyirL._SX210_.jpg 210w, https:\/\/racinesduciel.ch\/wp-content\/uploads\/2020\/09\/51EDq5WyirL._SX210_-183x300.jpg 183w\" sizes=\"auto, (max-width: 210px) 100vw, 210px\" \/><\/figure><div class=\"wp-block-media-text__content\">\n<p><em>L&rsquo;enfer est pav\u00e9 des meilleures intentions<\/em><\/p>\n<\/div><\/div>\n\n\n\n<div class=\"wp-block-media-text alignwide\" style=\"grid-template-columns:19% auto\"><figure class=\"wp-block-media-text__media\"><img decoding=\"async\" src=\"https:\/\/encrypted-tbn0.gstatic.com\/images?q=tbn:ANd9GcTXduOPKKXvPz4TXzT-F7fSEKbKBlgQzWKY2KCnifX4bkLEOrnRhA\" alt=\"\"\/><\/figure><div class=\"wp-block-media-text__content\">\n<p><em>Anachronic text full of humour essential to essential negotiations <\/em><\/p>\n<\/div><\/div>\n\n\n\n<div class=\"wp-block-media-text alignwide\" style=\"grid-template-columns:19% auto\"><figure class=\"wp-block-media-text__media\"><img loading=\"lazy\" decoding=\"async\" width=\"176\" height=\"286\" src=\"http:\/\/racinesduciel.ch\/wp-content\/uploads\/2019\/09\/Unknown-2.jpeg\" alt=\"\" class=\"wp-image-428 size-full\"\/><\/figure><div class=\"wp-block-media-text__content\">\n<p><em>\"Originality resides here in the abnormality which haunts Dandin and Chicaneau : The exagerated taste of appeal to justice, and procedural folly.\"<\/em><br><em>&nbsp;<\/em><a href=\"https:\/\/www.etudes-litteraires.com\/racine-plaideurs.php\">https:\/\/www.etudes-litteraires.com\/racine-plaideurs.php<\/a><\/p>\n<\/div><\/div>\n\n\n\n<div class=\"wp-block-media-text alignwide\" style=\"grid-template-columns:19% auto\"><figure class=\"wp-block-media-text__media\"><img loading=\"lazy\" decoding=\"async\" width=\"280\" height=\"470\" src=\"http:\/\/racinesduciel.ch\/wp-content\/uploads\/2020\/09\/lidiot-de-dostoc3afevski.png\" alt=\"\" class=\"wp-image-541 size-full\" srcset=\"https:\/\/racinesduciel.ch\/wp-content\/uploads\/2020\/09\/lidiot-de-dostoc3afevski.png 280w, https:\/\/racinesduciel.ch\/wp-content\/uploads\/2020\/09\/lidiot-de-dostoc3afevski-179x300.png 179w\" sizes=\"auto, (max-width: 280px) 100vw, 280px\" \/><\/figure><div class=\"wp-block-media-text__content\">\n<p><em>Humility, non-judgment and respect from Michkine Prince toward everyone.<\/em><\/p>\n<\/div><\/div>\n\n\n\n<div class=\"wp-block-media-text alignwide\" style=\"grid-template-columns:19% auto\"><figure class=\"wp-block-media-text__media\"><img loading=\"lazy\" decoding=\"async\" width=\"151\" height=\"114\" src=\"http:\/\/racinesduciel.ch\/wp-content\/uploads\/2019\/09\/Unknown-1.jpeg\" alt=\"\" class=\"wp-image-425 size-full\" srcset=\"https:\/\/racinesduciel.ch\/wp-content\/uploads\/2019\/09\/Unknown-1.jpeg 151w, https:\/\/racinesduciel.ch\/wp-content\/uploads\/2019\/09\/Unknown-1-150x114.jpeg 150w\" sizes=\"auto, (max-width: 151px) 100vw, 151px\" \/><\/figure><div class=\"wp-block-media-text__content\">\n<p><em>NO. It doesn't move but grows. NO is defeated when one dares to go through.<\/em><\/p>\n<\/div><\/div>\n\n\n\n<h3 class=\"wp-block-heading\">Filmography<\/h3>\n\n\n\n<div class=\"wp-block-media-text is-stacked-on-mobile\" style=\"grid-template-columns:19% auto\"><figure class=\"wp-block-media-text__media\"><img loading=\"lazy\" decoding=\"async\" width=\"682\" height=\"1024\" src=\"http:\/\/racinesduciel.ch\/wp-content\/uploads\/2026\/03\/images-2-682x1024.jpeg\" alt=\"\" class=\"wp-image-583 size-full\" srcset=\"https:\/\/racinesduciel.ch\/wp-content\/uploads\/2026\/03\/images-2-682x1024.jpeg 682w, https:\/\/racinesduciel.ch\/wp-content\/uploads\/2026\/03\/images-2-200x300.jpeg 200w, https:\/\/racinesduciel.ch\/wp-content\/uploads\/2026\/03\/images-2-768x1152.jpeg 768w, https:\/\/racinesduciel.ch\/wp-content\/uploads\/2026\/03\/images-2-8x12.jpeg 8w, https:\/\/racinesduciel.ch\/wp-content\/uploads\/2026\/03\/images-2.jpeg 1175w\" sizes=\"auto, (max-width: 682px) 100vw, 682px\" \/><\/figure><div class=\"wp-block-media-text__content\">\n<p>L&rsquo;\u00e9coute attentive <\/p>\n<\/div><\/div>\n\n\n\n<div class=\"wp-block-media-text alignwide\" style=\"grid-template-columns:19% auto\"><figure class=\"wp-block-media-text__media\"><img loading=\"lazy\" decoding=\"async\" width=\"600\" height=\"800\" src=\"http:\/\/racinesduciel.ch\/wp-content\/uploads\/2019\/09\/le-festin-de-babette.jpg\" alt=\"\" class=\"wp-image-420 size-full\" srcset=\"https:\/\/racinesduciel.ch\/wp-content\/uploads\/2019\/09\/le-festin-de-babette.jpg 600w, https:\/\/racinesduciel.ch\/wp-content\/uploads\/2019\/09\/le-festin-de-babette-225x300.jpg 225w\" sizes=\"auto, (max-width: 600px) 100vw, 600px\" \/><\/figure><div class=\"wp-block-media-text__content\">\n<p><em>Magnificent mediator<\/em><\/p>\n<\/div><\/div>\n\n\n\n<div class=\"wp-block-media-text alignwide\" style=\"grid-template-columns:19% auto\"><figure class=\"wp-block-media-text__media\"><img loading=\"lazy\" decoding=\"async\" width=\"137\" height=\"186\" src=\"http:\/\/racinesduciel.ch\/wp-content\/uploads\/2019\/09\/Unknown.jpeg\" alt=\"\" class=\"wp-image-423 size-full\"\/><\/figure><div class=\"wp-block-media-text__content\">\n<p><em>This fiction is a very realistic mediation between business partners<\/em><\/p>\n<\/div><\/div>\n\n\n\n<div class=\"wp-block-media-text alignwide\" style=\"grid-template-columns:19% auto\"><figure class=\"wp-block-media-text__media\"><img loading=\"lazy\" decoding=\"async\" width=\"193\" height=\"261\" src=\"http:\/\/racinesduciel.ch\/wp-content\/uploads\/2020\/09\/les-nouveaux-sauvages.jpeg\" alt=\"\" class=\"wp-image-544 size-full\"\/><\/figure><div class=\"wp-block-media-text__content\">\n<p><em>The conflict until the end<\/em><\/p>\n<\/div><\/div>","protected":false},"excerpt":{"rendered":"<p>Asserment\u00e9e par le Conseil d&rsquo;Etat de Gen\u00e8ve Premi\u00e8re responsable Bureau de la M\u00e9diation Pouvoir judiciaire 2024 Ex-Pr\u00e9sidente du Collectif Interculturel de M\u00e9diation (CIM) (2018-2023) Membre de l&rsquo;Association pour la Justice Restaurative (AJURES) Membre de la F\u00e9d\u00e9ration Suisse des Associations de M\u00e9diation&nbsp;(FSM) Litt\u00e9rature \u00ab\u00a0Les racines \u00e9taient innombrables et infinies dans leur vari\u00e9t\u00e9 et leur beaut\u00e9 et &hellip; <\/p>\n<p class=\"link-more\"><a href=\"https:\/\/racinesduciel.ch\/en\/references\/\" class=\"more-link\">Continue reading<span class=\"screen-reader-text\"> \u00ab\u00a0R\u00e9f\u00e9rences\u00a0\u00bb<\/span><\/a><\/p>","protected":false},"author":1,"featured_media":0,"parent":0,"menu_order":0,"comment_status":"closed","ping_status":"closed","template":"","meta":{"footnotes":""},"class_list":["post-89","page","type-page","status-publish","hentry"],"_links":{"self":[{"href":"https:\/\/racinesduciel.ch\/en\/wp-json\/wp\/v2\/pages\/89","targetHints":{"allow":["GET"]}}],"collection":[{"href":"https:\/\/racinesduciel.ch\/en\/wp-json\/wp\/v2\/pages"}],"about":[{"href":"https:\/\/racinesduciel.ch\/en\/wp-json\/wp\/v2\/types\/page"}],"author":[{"embeddable":true,"href":"https:\/\/racinesduciel.ch\/en\/wp-json\/wp\/v2\/users\/1"}],"replies":[{"embeddable":true,"href":"https:\/\/racinesduciel.ch\/en\/wp-json\/wp\/v2\/comments?post=89"}],"version-history":[{"count":69,"href":"https:\/\/racinesduciel.ch\/en\/wp-json\/wp\/v2\/pages\/89\/revisions"}],"predecessor-version":[{"id":590,"href":"https:\/\/racinesduciel.ch\/en\/wp-json\/wp\/v2\/pages\/89\/revisions\/590"}],"wp:attachment":[{"href":"https:\/\/racinesduciel.ch\/en\/wp-json\/wp\/v2\/media?parent=89"}],"curies":[{"name":"wp","href":"https:\/\/api.w.org\/{rel}","templated":true}]}}