{"id":49,"date":"2018-11-27T13:25:27","date_gmt":"2018-11-27T12:25:27","guid":{"rendered":"http:\/\/racinesduciel.ch\/?page_id=49"},"modified":"2019-10-18T11:04:33","modified_gmt":"2019-10-18T09:04:33","slug":"accueil","status":"publish","type":"page","link":"https:\/\/racinesduciel.ch\/en\/","title":{"rendered":"English"},"content":{"rendered":"<h3>Who am I ?<\/h3>\n<p>Rich in an atypical professional career path:  delegate for the <strong>ICRC, International Committee of the Red Cross<\/strong> in combat zones (ex-USSR, Israel \/ Palestine, Albania, ex-Yougoslavia, Rwanda); twelve years as the head of a sustainable food business and six years as a teacher in physical education and English; since 2016, I have been working as <strong>a professional mediator.<\/strong> professionnelle.<\/p>\n<p class=\"para\">Blessed with a great deal of energy and an interest in others, as a dedicated mediator, the experience I have acquired has enabled me to assure a position of impartiality and respect.  For more than twenty years, I have been able to bring negotiations in delicate situations of conflict to a successful conclusion with courage, rigor, respect and confidence.<\/p>\n<p>At ease in five languages, I draw from many disciplines and make bridges between them.  Literature, theatre, cinema, humour and life experience are also tools that I bring into play in mediation, both implicitly and explicitly.<\/p>\n<h2>Training<\/h2>\n<p>DAS, Diploma of Advanced Studies, University of Geneva <em>2014-2016<\/em><\/p>\n<p>Ombuds, International Ombuds Association, USA <em>2017<\/em><\/p>\n<p>Master's degree in International Relations, Graduate Institute Geneva International and development studies <em>1988-1992<\/em><\/p>\n<p>Bachelor's in Russian language and civilization, University of Geneva <em>2006-2008<\/em><\/p>\n<p>Diploma in teaching physical education, University of Geneva <em>1990-1993<\/em><\/p>\n<h3>Expertise Affiliation<\/h3>\n<p>Elected administrative cantonal mediator, February, 2019<\/p>\n<p>Recognised  by the Swiss Federation of Mediation<\/p>\n<p>Tribunal p\u00e9nal des mineurs. Commission de surveillance des professions de la sant\u00e9 et des droits des patients CSDPSDP<\/p>","protected":false},"excerpt":{"rendered":"<p>Qui suis-je ? Riche d\u2019un parcours professionnel atypique\u00a0: d\u00e9l\u00e9gu\u00e9e du CICR en zones de conflits, (ex-URSS, Isra\u00ebl\/Palestine, Albanie, ex-Yougoslavie, Rwanda)\u00a0; douze ans \u00e0 la t\u00eate d\u2019une entreprise en alimentation durable et six ans d\u2019enseignement en \u00e9ducation physique et anglais, j\u2019exerce depuis 2016 en tant que m\u00e9diatrice professionnelle. Dot\u00e9e d\u2019une grande vitalit\u00e9 et du go\u00fbt des &hellip; <\/p>\n<p class=\"link-more\"><a href=\"https:\/\/racinesduciel.ch\/en\/\" class=\"more-link\">Continue reading<span class=\"screen-reader-text\"> \u00ab\u00a0Marie-Laure Canosa\u00a0\u00bb<\/span><\/a><\/p>","protected":false},"author":1,"featured_media":0,"parent":0,"menu_order":0,"comment_status":"closed","ping_status":"closed","template":"","meta":{"footnotes":""},"class_list":["post-49","page","type-page","status-publish","hentry"],"_links":{"self":[{"href":"https:\/\/racinesduciel.ch\/en\/wp-json\/wp\/v2\/pages\/49","targetHints":{"allow":["GET"]}}],"collection":[{"href":"https:\/\/racinesduciel.ch\/en\/wp-json\/wp\/v2\/pages"}],"about":[{"href":"https:\/\/racinesduciel.ch\/en\/wp-json\/wp\/v2\/types\/page"}],"author":[{"embeddable":true,"href":"https:\/\/racinesduciel.ch\/en\/wp-json\/wp\/v2\/users\/1"}],"replies":[{"embeddable":true,"href":"https:\/\/racinesduciel.ch\/en\/wp-json\/wp\/v2\/comments?post=49"}],"version-history":[{"count":26,"href":"https:\/\/racinesduciel.ch\/en\/wp-json\/wp\/v2\/pages\/49\/revisions"}],"predecessor-version":[{"id":504,"href":"https:\/\/racinesduciel.ch\/en\/wp-json\/wp\/v2\/pages\/49\/revisions\/504"}],"wp:attachment":[{"href":"https:\/\/racinesduciel.ch\/en\/wp-json\/wp\/v2\/media?parent=49"}],"curies":[{"name":"wp","href":"https:\/\/api.w.org\/{rel}","templated":true}]}}