{"id":389,"date":"2019-09-11T17:33:31","date_gmt":"2019-09-11T15:33:31","guid":{"rendered":"http:\/\/racinesduciel.ch\/?page_id=389"},"modified":"2025-03-17T18:15:54","modified_gmt":"2025-03-17T17:15:54","slug":"tarifs","status":"publish","type":"page","link":"https:\/\/racinesduciel.ch\/en\/tarifs\/","title":{"rendered":"Fees"},"content":{"rendered":"<h4 class=\"wp-block-heading\">Mediation<\/h4>\n\n\n\n<p><a href=\"https:\/\/justice.ge.ch\/fr\/contenu\/bureau-de-la-mediation\" target=\"_blank\" rel=\"noreferrer noopener\" aria-label=\"Depuis janvier 2024, vous pouvez b\u00e9n\u00e9ficier de la prise en charge de mes honoraires par le pouvoir judiciaire.  (s\u2019ouvre dans un nouvel onglet)\">Depuis janvier 2024, vous pouvez b\u00e9n\u00e9ficier de la prise en charge de mes honoraires par le pouvoir judiciaire. <\/a><\/p>\n\n\n\n<h4 class=\"wp-block-heading\"> Ombuds trustworthy person<\/h4>\n\n\n\n<p>According to the estimate<\/p>\n\n\n\n<h4 class=\"wp-block-heading\">Sensitization to the management of conflict<\/h4>\n\n\n\n<p>According to the estimate<\/p>","protected":false},"excerpt":{"rendered":"<p>M\u00e9diation Depuis janvier 2024, vous pouvez b\u00e9n\u00e9ficier de la prise en charge de mes honoraires par le pouvoir judiciaire. Ombuds personne de confiance Selon devis Sensibilisation \u00e0 la gestion de conflit Selon devis<\/p>","protected":false},"author":1,"featured_media":0,"parent":0,"menu_order":0,"comment_status":"closed","ping_status":"closed","template":"","meta":{"footnotes":""},"class_list":["post-389","page","type-page","status-publish","hentry"],"_links":{"self":[{"href":"https:\/\/racinesduciel.ch\/en\/wp-json\/wp\/v2\/pages\/389","targetHints":{"allow":["GET"]}}],"collection":[{"href":"https:\/\/racinesduciel.ch\/en\/wp-json\/wp\/v2\/pages"}],"about":[{"href":"https:\/\/racinesduciel.ch\/en\/wp-json\/wp\/v2\/types\/page"}],"author":[{"embeddable":true,"href":"https:\/\/racinesduciel.ch\/en\/wp-json\/wp\/v2\/users\/1"}],"replies":[{"embeddable":true,"href":"https:\/\/racinesduciel.ch\/en\/wp-json\/wp\/v2\/comments?post=389"}],"version-history":[{"count":4,"href":"https:\/\/racinesduciel.ch\/en\/wp-json\/wp\/v2\/pages\/389\/revisions"}],"predecessor-version":[{"id":579,"href":"https:\/\/racinesduciel.ch\/en\/wp-json\/wp\/v2\/pages\/389\/revisions\/579"}],"wp:attachment":[{"href":"https:\/\/racinesduciel.ch\/en\/wp-json\/wp\/v2\/media?parent=389"}],"curies":[{"name":"wp","href":"https:\/\/api.w.org\/{rel}","templated":true}]}}