{"id":229,"date":"2019-05-25T12:47:53","date_gmt":"2019-05-25T10:47:53","guid":{"rendered":"http:\/\/racinesduciel.ch\/?page_id=229"},"modified":"2019-09-23T10:45:43","modified_gmt":"2019-09-23T08:45:43","slug":"photos","status":"publish","type":"page","link":"https:\/\/racinesduciel.ch\/en\/photos\/","title":{"rendered":"Photos"},"content":{"rendered":"<p><\/p>\n\n\n\n<ul class=\"wp-block-gallery aligncenter columns-0 wp-block-gallery-1 is-layout-flex wp-block-gallery-is-layout-flex\"><li class=\"blocks-gallery-item\"><figure><img loading=\"lazy\" decoding=\"async\" width=\"750\" height=\"1000\" src=\"http:\/\/racinesduciel.ch\/wp-content\/uploads\/2019\/09\/IMG_2932.jpg\" alt=\"\" data-id=\"342\" data-link=\"http:\/\/racinesduciel.ch\/photos\/img_2932-2\/\" class=\"wp-image-342\" srcset=\"https:\/\/racinesduciel.ch\/wp-content\/uploads\/2019\/09\/IMG_2932.jpg 750w, https:\/\/racinesduciel.ch\/wp-content\/uploads\/2019\/09\/IMG_2932-225x300.jpg 225w\" sizes=\"auto, (max-width: 706px) 89vw, (max-width: 767px) 82vw, 740px\" \/><figcaption>Luminous, spacious, welcoming and quiet space<\/figcaption><\/figure><\/li><\/ul>\n\n\n\n<div class=\"wp-block-image\"><figure class=\"aligncenter is-resized\"><img loading=\"lazy\" decoding=\"async\" src=\"http:\/\/racinesduciel.ch\/wp-content\/uploads\/2019\/09\/Dessin-pilules-706x1024.jpg\" alt=\"\" class=\"wp-image-474\" width=\"177\" height=\"256\" srcset=\"https:\/\/racinesduciel.ch\/wp-content\/uploads\/2019\/09\/Dessin-pilules-706x1024.jpg 706w, https:\/\/racinesduciel.ch\/wp-content\/uploads\/2019\/09\/Dessin-pilules-207x300.jpg 207w, https:\/\/racinesduciel.ch\/wp-content\/uploads\/2019\/09\/Dessin-pilules-768x1113.jpg 768w, https:\/\/racinesduciel.ch\/wp-content\/uploads\/2019\/09\/Dessin-pilules.jpg 1243w\" sizes=\"auto, (max-width: 177px) 100vw, 177px\" \/><figcaption>\"Colored pills to heal wounds inflicted by conflicts\" <br>1995<br>Madrid-Abkhazia<br>C\u00e9sar \u00c1vila, www.gr\u00e1ficafutura.es<\/figcaption><\/figure><\/div>\n\n\n\n<div class=\"wp-block-image\"><figure class=\"aligncenter\"><img loading=\"lazy\" decoding=\"async\" width=\"1024\" height=\"685\" src=\"http:\/\/racinesduciel.ch\/wp-content\/uploads\/2019\/09\/Visite-Felipe-Gonzalez-\u00e0-Mostar-2-1024x685.jpg\" alt=\"\" class=\"wp-image-345\" srcset=\"https:\/\/racinesduciel.ch\/wp-content\/uploads\/2019\/09\/Visite-Felipe-Gonzalez-\u00e0-Mostar-2-1024x685.jpg 1024w, https:\/\/racinesduciel.ch\/wp-content\/uploads\/2019\/09\/Visite-Felipe-Gonzalez-\u00e0-Mostar-2-300x201.jpg 300w, https:\/\/racinesduciel.ch\/wp-content\/uploads\/2019\/09\/Visite-Felipe-Gonzalez-\u00e0-Mostar-2-768x514.jpg 768w, https:\/\/racinesduciel.ch\/wp-content\/uploads\/2019\/09\/Visite-Felipe-Gonzalez-\u00e0-Mostar-2.jpg 1200w\" sizes=\"auto, (max-width: 767px) 89vw, (max-width: 1000px) 54vw, (max-width: 1071px) 543px, 580px\" \/><figcaption>Spanish Prime ministre's visit, Felipe Gonzales in Mostar. I was in charged of humanitarian programs for MPDL (Movimiento for la Paz el Diearme y la Libertad) in former Yugoslavia, financed by European Community, 1994<\/figcaption><\/figure><\/div>\n\n\n\n<div class=\"wp-block-image\"><figure class=\"aligncenter\"><img loading=\"lazy\" decoding=\"async\" width=\"875\" height=\"619\" src=\"http:\/\/racinesduciel.ch\/wp-content\/uploads\/2019\/09\/Red-Cross-Day-Abkhazia-1995.jpg\" alt=\"\" class=\"wp-image-381\" srcset=\"https:\/\/racinesduciel.ch\/wp-content\/uploads\/2019\/09\/Red-Cross-Day-Abkhazia-1995.jpg 875w, https:\/\/racinesduciel.ch\/wp-content\/uploads\/2019\/09\/Red-Cross-Day-Abkhazia-1995-300x212.jpg 300w, https:\/\/racinesduciel.ch\/wp-content\/uploads\/2019\/09\/Red-Cross-Day-Abkhazia-1995-768x543.jpg 768w\" sizes=\"auto, (max-width: 767px) 89vw, (max-width: 1000px) 54vw, (max-width: 1071px) 543px, 580px\" \/><figcaption>Red Cross Day, race and drawing contest, organized in collaboration with the Ministry of Education <em>concours<\/em> for pupils after armed conflict. 1996<\/figcaption><\/figure><\/div>\n\n\n\n<figure class=\"wp-block-video aligncenter\"><video height=\"288\" style=\"aspect-ratio: 512 \/ 288;\" width=\"512\" controls src=\"http:\/\/racinesduciel.ch\/wp-content\/uploads\/2019\/09\/Mariage-Golan-CICR-1998.mov\"><\/video><figcaption>Mariage in the Golan, border Israel-Syria, ICRC d\u00e9l\u00e9gateur, 1997<\/figcaption><\/figure>\n\n\n\n<figure class=\"wp-block-image\"><img loading=\"lazy\" decoding=\"async\" width=\"1024\" height=\"811\" src=\"http:\/\/racinesduciel.ch\/wp-content\/uploads\/2019\/09\/carav.-copie-1024x811.jpg\" alt=\"\" class=\"wp-image-366\" srcset=\"https:\/\/racinesduciel.ch\/wp-content\/uploads\/2019\/09\/carav.-copie-1024x811.jpg 1024w, https:\/\/racinesduciel.ch\/wp-content\/uploads\/2019\/09\/carav.-copie-300x238.jpg 300w, https:\/\/racinesduciel.ch\/wp-content\/uploads\/2019\/09\/carav.-copie-768x608.jpg 768w, https:\/\/racinesduciel.ch\/wp-content\/uploads\/2019\/09\/carav.-copie.jpg 1417w\" sizes=\"auto, (max-width: 767px) 89vw, (max-width: 1000px) 54vw, (max-width: 1071px) 543px, 580px\" \/><\/figure>\n\n\n\n<p style=\"text-align:center\">Cr\u00eaperie El Progreso 2000-2012<\/p>\n\n\n\n<figure class=\"wp-block-image\"><img loading=\"lazy\" decoding=\"async\" width=\"778\" height=\"1024\" src=\"http:\/\/racinesduciel.ch\/wp-content\/uploads\/2019\/09\/Easyjet-9-13-Caravane-778x1024.jpg\" alt=\"\" class=\"wp-image-367\" srcset=\"https:\/\/racinesduciel.ch\/wp-content\/uploads\/2019\/09\/Easyjet-9-13-Caravane-778x1024.jpg 778w, https:\/\/racinesduciel.ch\/wp-content\/uploads\/2019\/09\/Easyjet-9-13-Caravane-228x300.jpg 228w, https:\/\/racinesduciel.ch\/wp-content\/uploads\/2019\/09\/Easyjet-9-13-Caravane-768x1011.jpg 768w, https:\/\/racinesduciel.ch\/wp-content\/uploads\/2019\/09\/Easyjet-9-13-Caravane.jpg 1140w\" sizes=\"auto, (max-width: 767px) 89vw, (max-width: 1000px) 54vw, (max-width: 1071px) 543px, 580px\" \/><\/figure>\n\n\n\n<p style=\"text-align:center\">Easyjet newspaper advising the Cr\u00eaperie<\/p>\n\n\n\n<div class=\"wp-block-image\"><figure class=\"aligncenter\"><img loading=\"lazy\" decoding=\"async\" width=\"554\" height=\"369\" src=\"http:\/\/racinesduciel.ch\/wp-content\/uploads\/2019\/09\/MLC-\u00e9coute-2.png\" alt=\"\" class=\"wp-image-466\" srcset=\"https:\/\/racinesduciel.ch\/wp-content\/uploads\/2019\/09\/MLC-\u00e9coute-2.png 554w, https:\/\/racinesduciel.ch\/wp-content\/uploads\/2019\/09\/MLC-\u00e9coute-2-300x200.png 300w\" sizes=\"auto, (max-width: 554px) 100vw, 554px\" \/><figcaption>Voluntary interpreter, Russian-Italian, for an integrative theater camp, Ticino Saint Petersburg, summer 2007<br>Saint-Petersbourg-Ticino, \u00e9t\u00e9 2007<\/figcaption><\/figure><\/div>\n\n\n\n<p><\/p>","protected":false},"excerpt":{"rendered":"<p>Cr\u00eaperie El Progreso 2000-2012 Article du journal Easyjet recommandant la cr\u00eaperie<\/p>","protected":false},"author":1,"featured_media":0,"parent":0,"menu_order":0,"comment_status":"closed","ping_status":"closed","template":"","meta":{"footnotes":""},"class_list":["post-229","page","type-page","status-publish","hentry"],"_links":{"self":[{"href":"https:\/\/racinesduciel.ch\/en\/wp-json\/wp\/v2\/pages\/229","targetHints":{"allow":["GET"]}}],"collection":[{"href":"https:\/\/racinesduciel.ch\/en\/wp-json\/wp\/v2\/pages"}],"about":[{"href":"https:\/\/racinesduciel.ch\/en\/wp-json\/wp\/v2\/types\/page"}],"author":[{"embeddable":true,"href":"https:\/\/racinesduciel.ch\/en\/wp-json\/wp\/v2\/users\/1"}],"replies":[{"embeddable":true,"href":"https:\/\/racinesduciel.ch\/en\/wp-json\/wp\/v2\/comments?post=229"}],"version-history":[{"count":30,"href":"https:\/\/racinesduciel.ch\/en\/wp-json\/wp\/v2\/pages\/229\/revisions"}],"predecessor-version":[{"id":485,"href":"https:\/\/racinesduciel.ch\/en\/wp-json\/wp\/v2\/pages\/229\/revisions\/485"}],"wp:attachment":[{"href":"https:\/\/racinesduciel.ch\/en\/wp-json\/wp\/v2\/media?parent=229"}],"curies":[{"name":"wp","href":"https:\/\/api.w.org\/{rel}","templated":true}]}}