{"id":292,"date":"2019-09-10T16:35:44","date_gmt":"2019-09-10T14:35:44","guid":{"rendered":"http:\/\/racinesduciel.ch\/?page_id=292"},"modified":"2025-03-17T18:11:38","modified_gmt":"2025-03-17T17:11:38","slug":"medias","status":"publish","type":"page","link":"http:\/\/racinesduciel.ch\/en\/medias\/","title":{"rendered":"Medias"},"content":{"rendered":"<p><a href=\"https:\/\/www.rts.ch\/audio-podcast\/2025\/audio\/marie-laure-canosa-mediatrice-responsable-du-bureau-de-la-mediation-au-pouvoir-judiciaire-a-geneve-28817574.html\" target=\"_blank\" rel=\"noreferrer noopener\" aria-label=\"Dr\u00f4le d'\u00e9poque RTS, 10 mars 2025 (s\u2019ouvre dans un nouvel onglet)\">Dr\u00f4le d&rsquo;\u00e9poque RTS, 10 mars 2025<\/a><\/p>\n\n\n\n<figure class=\"wp-block-image is-resized\"><img loading=\"lazy\" decoding=\"async\" src=\"https:\/\/racinesduciel.ch\/wp-content\/uploads\/2025\/03\/photoRTS.png\" alt=\"\" class=\"wp-image-571\" width=\"224\" height=\"224\" srcset=\"https:\/\/racinesduciel.ch\/wp-content\/uploads\/2025\/03\/photoRTS.png 369w, https:\/\/racinesduciel.ch\/wp-content\/uploads\/2025\/03\/photoRTS-150x150.png 150w, https:\/\/racinesduciel.ch\/wp-content\/uploads\/2025\/03\/photoRTS-300x300.png 300w, https:\/\/racinesduciel.ch\/wp-content\/uploads\/2025\/03\/photoRTS-100x100.png 100w\" sizes=\"auto, (max-width: 224px) 100vw, 224px\" \/><figcaption>Marie-Laure Canosa, m\u00e9diatrice asserment\u00e9e, canton de Gen\u00e8ve FSM (F\u00e9d\u00e9ration Suisse M\u00e9diation)<\/figcaption><\/figure>\n\n\n\n<p><a href=\"https:\/\/www.tdg.ch\/nouveau-service-au-palais-de-justice-le-bureau-de-la-mediation-a-ouvert-a-geneve-611020505490\">Tribune de Gen\u00e8ve ouverture du Bureau de m\u00e9diation Pouvoir judiciaire<\/a><\/p>\n\n\n\n<figure class=\"wp-block-image is-resized\"><img loading=\"lazy\" decoding=\"async\" src=\"https:\/\/racinesduciel.ch\/wp-content\/uploads\/2025\/03\/CwU9YrKzKY-8jLAspb02C9.jpg-1024x682.jpg\" alt=\"\" class=\"wp-image-574\" width=\"364\" height=\"242\" srcset=\"https:\/\/racinesduciel.ch\/wp-content\/uploads\/2025\/03\/CwU9YrKzKY-8jLAspb02C9.jpg-1024x682.jpg 1024w, https:\/\/racinesduciel.ch\/wp-content\/uploads\/2025\/03\/CwU9YrKzKY-8jLAspb02C9.jpg-300x200.jpg 300w, https:\/\/racinesduciel.ch\/wp-content\/uploads\/2025\/03\/CwU9YrKzKY-8jLAspb02C9.jpg-768x512.jpg 768w, https:\/\/racinesduciel.ch\/wp-content\/uploads\/2025\/03\/CwU9YrKzKY-8jLAspb02C9.jpg.jpg 1600w\" sizes=\"auto, (max-width: 364px) 100vw, 364px\" \/><figcaption>Marie-Laure Canosa, responsable du bureau, et Enrique Alvarin, membre. Le bureau de la m\u00e9diation sera anim\u00e9 \u00e0 tour de r\u00f4le par six m\u00e9diateurs asserment\u00e9s.<\/figcaption><\/figure>\n\n\n\n<blockquote class=\"wp-block-quote is-layout-flow wp-block-quote-is-layout-flow\"><p><a href=\"https:\/\/www.letemps.ch\/societe\/jeune-corps-te-dit-merci?srsltid=AfmBOoqrJCyS9K6XKYLlH1hgrJ9iFBi6cza0WrXzGpHDQLzueq8oWEko\" target=\"_blank\" rel=\"noreferrer noopener\" aria-label=\" (s\u2019ouvre dans un nouvel onglet)\">Je\u00fbne et ton corps te dit merci!<\/a><\/p><cite>Article du Temps, Je\u00fbne th\u00e9rapeutique en Bouriatie, 2015<\/cite><\/blockquote>\n\n\n\n<p style=\"text-align:left\"><a rel=\"noreferrer noopener\" aria-label=\"Exposition &quot;les m\u00e9diateurs se mouillent&quot; (s\u2019ouvre dans un nouvel onglet)\" href=\"http:\/\/racinesduciel.ch\/wp-content\/uploads\/2019\/09\/CIM-AFFICHES-A1-V16.pdf\" target=\"_blank\">Exposition CIM \u00ab\u00a0Les m\u00e9diateurs se mouillent\u00a0\u00bb<\/a><br><br><img loading=\"lazy\" decoding=\"async\" width=\"250\" height=\"354\" class=\"wp-image-573\" style=\"width: 250px;\" src=\"http:\/\/racinesduciel.ch\/wp-content\/uploads\/2025\/03\/Affiche-expo-QR.jpeg\" alt=\"\" srcset=\"https:\/\/racinesduciel.ch\/wp-content\/uploads\/2025\/03\/Affiche-expo-QR.jpeg 226w, https:\/\/racinesduciel.ch\/wp-content\/uploads\/2025\/03\/Affiche-expo-QR-212x300.jpeg 212w\" sizes=\"auto, (max-width: 250px) 100vw, 250px\" \/><\/p>\n\n\n\n<p class=\"has-small-font-size\">Apr\u00e8s les Bains des P\u00e2quis, un P\u2019tit-d\u00e9jeuner de la m\u00e9diation \u00e0 Perly-Certoux et malgr\u00e9 la pand\u00e9mie qui perdure, le CIM a le plaisir d\u2019<strong>exposer \u00e0 nouveau ses photos&nbsp;<\/strong>\u201cLes m\u00e9diateurs se mouillent\u201d au&nbsp;<strong>Coll\u00e8ge-Ecole de commerce Andr\u00e9-Chavanne<\/strong>, sur initiative de l\u2019Association des Parents et avec la pr\u00e9cieuse collaboration d\u2019une responsable du Cedoc. Objectif : sensibiliser le jeune public \u00e0 la m\u00e9diation.<\/p>\n\n\n\n<blockquote class=\"wp-block-quote is-layout-flow wp-block-quote-is-layout-flow\"><p><strong>\u00ab\u00a0<\/strong><a rel=\"noreferrer noopener\" aria-label=\" (s\u2019ouvre dans un nouvel onglet)\" href=\"https:\/\/www.letemps.ch\/societe\/mediation-ne-se-soucie-lavenir\" target=\"_blank\"><strong>Mediation take care of the future\u00a0<\/strong><\/a><strong><br><em>Article du Temps,  juin 2019<\/em><\/strong><\/p><\/blockquote>\n\n\n<p><a href=\"https:\/\/missutopie.wordpress.com\"><strong>miss utopie mediation<\/strong><\/a><\/p>\n<p><em>3-4 minutes sur les bienfaits-th\u00e8me de la m\u00e9diation, humour et intelligence\u00a0<\/em><\/p>\n\n\n<p><strong><a href=\"https:\/\/open.spotify.com\/show\/3LKY5jsCJyP74Qmy6tv0eT?si=BimyreO3SROQfttX-4q1Ug\">Podcast antidote, entretien avec des professionnels de la m\u00e9diation <\/a><\/strong><\/p>","protected":false},"excerpt":{"rendered":"<p>Dr\u00f4le d&rsquo;\u00e9poque RTS, 10 mars 2025 Tribune de Gen\u00e8ve ouverture du Bureau de m\u00e9diation Pouvoir judiciaire Je\u00fbne et ton corps te dit merci! Article du Temps, Je\u00fbne th\u00e9rapeutique en Bouriatie, 2015 Exposition CIM \u00ab\u00a0Les m\u00e9diateurs se mouillent\u00a0\u00bb Apr\u00e8s les Bains des P\u00e2quis, un P\u2019tit-d\u00e9jeuner de la m\u00e9diation \u00e0 Perly-Certoux et malgr\u00e9 la pand\u00e9mie qui perdure, &hellip; <\/p>\n<p class=\"link-more\"><a href=\"http:\/\/racinesduciel.ch\/en\/medias\/\" class=\"more-link\">Continue reading<span class=\"screen-reader-text\"> \u00ab\u00a0M\u00e9dias\u00a0\u00bb<\/span><\/a><\/p>","protected":false},"author":1,"featured_media":0,"parent":0,"menu_order":0,"comment_status":"closed","ping_status":"closed","template":"","meta":{"footnotes":""},"class_list":["post-292","page","type-page","status-publish","hentry"],"_links":{"self":[{"href":"http:\/\/racinesduciel.ch\/en\/wp-json\/wp\/v2\/pages\/292","targetHints":{"allow":["GET"]}}],"collection":[{"href":"http:\/\/racinesduciel.ch\/en\/wp-json\/wp\/v2\/pages"}],"about":[{"href":"http:\/\/racinesduciel.ch\/en\/wp-json\/wp\/v2\/types\/page"}],"author":[{"embeddable":true,"href":"http:\/\/racinesduciel.ch\/en\/wp-json\/wp\/v2\/users\/1"}],"replies":[{"embeddable":true,"href":"http:\/\/racinesduciel.ch\/en\/wp-json\/wp\/v2\/comments?post=292"}],"version-history":[{"count":41,"href":"http:\/\/racinesduciel.ch\/en\/wp-json\/wp\/v2\/pages\/292\/revisions"}],"predecessor-version":[{"id":577,"href":"http:\/\/racinesduciel.ch\/en\/wp-json\/wp\/v2\/pages\/292\/revisions\/577"}],"wp:attachment":[{"href":"http:\/\/racinesduciel.ch\/en\/wp-json\/wp\/v2\/media?parent=292"}],"curies":[{"name":"wp","href":"https:\/\/api.w.org\/{rel}","templated":true}]}}